{"id":115,"date":"2023-12-12T21:14:10","date_gmt":"2023-12-12T20:14:10","guid":{"rendered":"https:\/\/michaelfonder.com\/?page_id=115"},"modified":"2025-02-11T22:14:17","modified_gmt":"2025-02-11T21:14:17","slug":"galeries","status":"publish","type":"page","link":"https:\/\/michaelfonder.com\/index.php\/galeries\/","title":{"rendered":"Galeries"},"content":{"rendered":"\n<div class=\"wp-block-uagb-container uagb-block-e14fadb0 alignfull uagb-is-root-container\"><div class=\"uagb-container-inner-blocks-wrap\">\n<div class=\"wp-block-uagb-container uag-hide-mob uagb-block-77f294d0\"><\/div>\n\n\n\n<div class=\"wp-block-uagb-container uagb-block-24d6ef47\">\n<div class=\"wp-block-uagb-advanced-heading uagb-block-3c91a3c9\"><h2 class=\"uagb-heading-text\">Galeries<\/h2><\/div>\n\n\n\n<p>Vous trouverez ici certaines de mes collections de photos pr\u00e9sent\u00e9es sous forme de galerie. Chacune esp\u00e8re arriver \u00e0 vous faire voyager \u00e0 sa mani\u00e8re. Bienvenue dans ma vision de notre environnement!<br><br>Chaque collection a une th\u00e9matique particuli\u00e8re et est le distillat d&#8217;une s\u00e9rie de photos sur le m\u00eame sujet. Chaque photo pr\u00e9sent\u00e9e ici a \u00e9t\u00e9 s\u00e9lectionn\u00e9e avec soin pour ce qu&#8217;elle peut transmettre, pour sa qualit\u00e9 et enfin pour sa coh\u00e9rence avec les autres images de la collection. Au final, ces collections sont l&#8217;issue d&#8217;un processus cr\u00e9atif repr\u00e9sentatif de la photographie telle qu&#8217;elle s&#8217;exprime chez moi.<\/p>\n<\/div>\n<\/div><\/div>\n\n\n\n<script>\n$(document).ready(function() {\n    var galleryName = getParameterByName('gal');\n    var numImage = getParameterByName('num');\n    if (!numImage) numImage = 1;\n    if (galleryName) openGallery(galleryName, numImage);\n});\n<\/script>\n\n\n\n<div class=\"wp-block-uagb-container uagb-layout-flex uagb-block-075ea959 alignfull uagb-is-root-container\"><div class=\"uagb-container-inner-blocks-wrap\">\n<div data-gallery=\"le_bout_du_monde\" data-src=\"\" class=\"wp-block-uagb-container collection_div no_side_space collection_gallery uagb-block-a1cd5545 default uagb-is-root-container\">\n<div class=\"wp-block-uagb-container collection_cover no_side_space uagb-block-0895c05a alignfull uagb-is-root-container\">\n<div class=\"wp-block-group is-vertical is-content-justification-center is-layout-flex wp-container-core-group-layout-1 wp-block-group-is-layout-flex\">\n<div class=\"wp-block-uagb-container cover_title uagb-block-f4931c7b\">\n<h3 class=\"wp-block-heading has-text-align-center has-base-color has-transparent-background-color has-text-color has-background has-link-color has-x-large-font-size wp-elements-92cbfff1482779abcd8e484da551aecf\" style=\"margin-top:20px;margin-right:0;margin-bottom:20px;margin-left:0;padding-top:0;padding-right:0;padding-bottom:0;padding-left:0;font-style:normal;font-weight:300;line-height:1\">Le Bout du Monde<\/h3>\n\n\n\n<p class=\"has-text-align-center cover_description has-base-color has-text-color has-link-color wp-elements-23667e93333d7a5a614f7cee7c00fcda\" style=\"margin-top:0;margin-right:0;margin-bottom:20px;margin-left:0;font-style:normal;font-weight:100\">A la d\u00e9couverte de la r\u00e9serve de Sixt-Passy en automne<\/p>\n<\/div>\n<\/div>\n<\/div>\n<\/div>\n\n\n\n<div data-gallery=\"of_ice_and_land\" data-src=\"\" class=\"wp-block-uagb-container collection_div no_side_space collection_gallery uagb-block-ad99706c default uagb-is-root-container\">\n<div class=\"wp-block-uagb-container collection_cover no_side_space uagb-block-a4627093 alignfull uagb-is-root-container\">\n<div class=\"wp-block-group is-vertical is-content-justification-center is-layout-flex wp-container-core-group-layout-2 wp-block-group-is-layout-flex\">\n<div class=\"wp-block-uagb-container cover_title uagb-block-202014b2\">\n<h3 class=\"wp-block-heading has-text-align-center has-base-color has-transparent-background-color has-text-color has-background has-link-color has-x-large-font-size wp-elements-9acdb64620839346bad410fbd1d79d5a\" style=\"margin-top:20px;margin-right:0;margin-bottom:20px;margin-left:0;padding-top:0;padding-right:0;padding-bottom:0;padding-left:0;font-style:normal;font-weight:300;line-height:1\">Of Ice and Land<\/h3>\n\n\n\n<p class=\"has-text-align-center cover_description has-base-color has-text-color has-link-color wp-elements-925e2d55c90b455bd8ce9f0bc47c70bf\" style=\"margin-top:0;margin-right:0;margin-bottom:20px;margin-left:0;font-style:normal;font-weight:100\">A la d\u00e9couverte de l&#8217;Islande en fin d&#8217;\u00e9t\u00e9<\/p>\n<\/div>\n<\/div>\n<\/div>\n<\/div>\n\n\n\n<div data-gallery=\"kommune_kujalleq\" data-src=\"\" class=\"wp-block-uagb-container collection_div no_side_space collection_gallery uagb-block-f472b670 default uagb-is-root-container\">\n<div class=\"wp-block-uagb-container collection_cover no_side_space uagb-block-0ac45450 alignfull uagb-is-root-container\">\n<div class=\"wp-block-group is-vertical is-content-justification-center is-layout-flex wp-container-core-group-layout-3 wp-block-group-is-layout-flex\">\n<div class=\"wp-block-uagb-container cover_title uagb-block-4583d901\">\n<h3 class=\"wp-block-heading has-text-align-center has-base-color has-transparent-background-color has-text-color has-background has-link-color has-x-large-font-size wp-elements-b736cf7dbeaf12abb3878ed7b135593c\" style=\"margin-top:20px;margin-right:0;margin-bottom:20px;margin-left:0;padding-top:0;padding-right:0;padding-bottom:0;padding-left:0;font-style:normal;font-weight:300;line-height:1\">Kommune Kujalleq<\/h3>\n\n\n\n<p class=\"has-text-align-center cover_description has-base-color has-text-color has-link-color wp-elements-65fb4255765bac572bf7f1af2182b82c\" style=\"margin-top:0;margin-right:0;margin-bottom:20px;margin-left:0;font-style:normal;font-weight:100\">Le sud du Groenland, c&#8217;est comment ?<\/p>\n<\/div>\n<\/div>\n<\/div>\n<\/div>\n\n\n\n<div data-gallery=\"blue_ice\" data-src=\"\" class=\"wp-block-uagb-container collection_div no_side_space collection_gallery uagb-block-7b617be2 default uagb-is-root-container\">\n<div class=\"wp-block-uagb-container collection_cover no_side_space uagb-block-99b2ef27 alignfull uagb-is-root-container\">\n<div class=\"wp-block-group is-vertical is-content-justification-center is-layout-flex wp-container-core-group-layout-4 wp-block-group-is-layout-flex\">\n<div class=\"wp-block-uagb-container cover_title uagb-block-227b9a74\">\n<h3 class=\"wp-block-heading has-text-align-center has-base-color has-transparent-background-color has-text-color has-background has-link-color has-x-large-font-size wp-elements-08913c87aadfaa0ee4940d2cdecb1736\" style=\"margin-top:20px;margin-right:0;margin-bottom:20px;margin-left:0;padding-top:0;padding-right:0;padding-bottom:0;padding-left:0;font-style:normal;font-weight:300;line-height:1\">Blue Ice<\/h3>\n\n\n\n<p class=\"has-text-align-center cover_description has-base-color has-text-color has-link-color wp-elements-d253c8d007ce70153b5793cb6d033d86\" style=\"margin-top:0;margin-right:0;margin-bottom:20px;margin-left:0;font-style:normal;font-weight:100\">Une ode \u00e0 la beaut\u00e9 des icebergs qui fondent<\/p>\n<\/div>\n<\/div>\n<\/div>\n<\/div>\n\n\n\n<div data-gallery=\"loof\" data-src=\"\" class=\"wp-block-uagb-container collection_div no_side_space collection_gallery uagb-block-dfcdb242 default uagb-is-root-container\">\n<div class=\"wp-block-uagb-container collection_cover no_side_space uagb-block-bbb3568c alignfull uagb-is-root-container\">\n<div class=\"wp-block-group is-vertical is-content-justification-center is-layout-flex wp-container-core-group-layout-5 wp-block-group-is-layout-flex\">\n<div class=\"wp-block-uagb-container cover_title uagb-block-46a9cfbf\">\n<h3 class=\"wp-block-heading has-text-align-center has-base-color has-transparent-background-color has-text-color has-background has-link-color has-x-large-font-size wp-elements-b19218a520afedfe93993f84fdf6d881\" style=\"margin-top:20px;margin-right:0;margin-bottom:20px;margin-left:0;padding-top:0;padding-right:0;padding-bottom:0;padding-left:0;font-style:normal;font-weight:300;line-height:1\">Li\u00e8ge out of Focus<\/h3>\n\n\n\n<p class=\"has-text-align-center cover_description has-base-color has-text-color has-link-color wp-elements-f88663d657d13e2f93c15fd368430b7f\" style=\"margin-top:0;margin-right:0;margin-bottom:20px;margin-left:0;font-style:normal;font-weight:100\">Avez-vous d\u00e9j\u00e0 essay\u00e9 de voir votre ville avec un regard diff\u00e9rent ?<\/p>\n<\/div>\n<\/div>\n<\/div>\n<\/div>\n\n\n\n<div data-gallery=\"left_to_rust\" data-src=\"\" class=\"wp-block-uagb-container collection_div no_side_space collection_gallery uagb-block-9bc80574 default uagb-is-root-container\">\n<div class=\"wp-block-uagb-container collection_cover no_side_space uagb-block-b228e4a7 alignfull uagb-is-root-container\">\n<div class=\"wp-block-group is-vertical is-content-justification-center is-layout-flex wp-container-core-group-layout-6 wp-block-group-is-layout-flex\">\n<div class=\"wp-block-uagb-container cover_title uagb-block-d90d28bf\">\n<h3 class=\"wp-block-heading has-text-align-center has-base-color has-transparent-background-color has-text-color has-background has-link-color has-x-large-font-size wp-elements-f18d17e2bd6d34eeddb2cae4d0006467\" style=\"margin-top:20px;margin-right:0;margin-bottom:20px;margin-left:0;padding-top:0;padding-right:0;padding-bottom:0;padding-left:0;font-style:normal;font-weight:300;line-height:1\">Left to rust<\/h3>\n\n\n\n<p class=\"has-text-align-center cover_description has-base-color has-text-color has-link-color wp-elements-fe5937b5ba7080479a4c5187c30311de\" style=\"margin-top:0;margin-right:0;margin-bottom:20px;margin-left:0;font-style:normal;font-weight:100\">Certains ont des montagnes comme terrain de jeux, nous avons des hauts fourneaux abandonn\u00e9s<\/p>\n<\/div>\n<\/div>\n<\/div>\n<\/div>\n<\/div><\/div>\n","protected":false},"excerpt":{"rendered":"<p>Galeries Vous trouverez ici certaines de mes collections de photos pr\u00e9sent\u00e9es sous forme de galerie. Chacune esp\u00e8re arriver \u00e0 vous faire voyager \u00e0 sa mani\u00e8re. Bienvenue dans ma vision de notre environnement! Chaque collection a une th\u00e9matique particuli\u00e8re et est le distillat d&#8217;une s\u00e9rie de photos sur le m\u00eame sujet. Chaque photo pr\u00e9sent\u00e9e ici a [&hellip;]<\/p>\n","protected":false},"author":1,"featured_media":0,"parent":0,"menu_order":0,"comment_status":"closed","ping_status":"closed","template":"mf_template","meta":{"BoldBlocksTypography":[],"_uag_custom_page_level_css":"","_monsterinsights_skip_tracking":false,"_monsterinsights_sitenote_active":false,"_monsterinsights_sitenote_note":"","_monsterinsights_sitenote_category":0,"footnotes":""},"aioseo_notices":[],"uagb_featured_image_src":{"full":false,"thumbnail":false,"medium":false,"medium_large":false,"large":false,"1536x1536":false,"2048x2048":false},"uagb_author_info":{"display_name":"michaelfonder.com","author_link":"https:\/\/michaelfonder.com\/index.php\/author\/michaelfonder-com\/"},"uagb_comment_info":0,"uagb_excerpt":"Galeries Vous trouverez ici certaines de mes collections de photos pr\u00e9sent\u00e9es sous forme de galerie. Chacune esp\u00e8re arriver \u00e0 vous faire voyager \u00e0 sa mani\u00e8re. Bienvenue dans ma vision de notre environnement! Chaque collection a une th\u00e9matique particuli\u00e8re et est le distillat d&#8217;une s\u00e9rie de photos sur le m\u00eame sujet. Chaque photo pr\u00e9sent\u00e9e ici a&hellip;","_links":{"self":[{"href":"https:\/\/michaelfonder.com\/index.php\/wp-json\/wp\/v2\/pages\/115"}],"collection":[{"href":"https:\/\/michaelfonder.com\/index.php\/wp-json\/wp\/v2\/pages"}],"about":[{"href":"https:\/\/michaelfonder.com\/index.php\/wp-json\/wp\/v2\/types\/page"}],"author":[{"embeddable":true,"href":"https:\/\/michaelfonder.com\/index.php\/wp-json\/wp\/v2\/users\/1"}],"replies":[{"embeddable":true,"href":"https:\/\/michaelfonder.com\/index.php\/wp-json\/wp\/v2\/comments?post=115"}],"version-history":[{"count":228,"href":"https:\/\/michaelfonder.com\/index.php\/wp-json\/wp\/v2\/pages\/115\/revisions"}],"predecessor-version":[{"id":1827,"href":"https:\/\/michaelfonder.com\/index.php\/wp-json\/wp\/v2\/pages\/115\/revisions\/1827"}],"wp:attachment":[{"href":"https:\/\/michaelfonder.com\/index.php\/wp-json\/wp\/v2\/media?parent=115"}],"curies":[{"name":"wp","href":"https:\/\/api.w.org\/{rel}","templated":true}]}}