{"id":1558,"date":"2025-01-11T17:41:58","date_gmt":"2025-01-11T16:41:58","guid":{"rendered":"https:\/\/michaelfonder.com\/?page_id=1558"},"modified":"2025-01-16T22:07:28","modified_gmt":"2025-01-16T21:07:28","slug":"conditions-generales-de-vente","status":"publish","type":"page","link":"https:\/\/michaelfonder.com\/index.php\/conditions-generales-de-vente\/","title":{"rendered":"Conditions g\u00e9n\u00e9rales de vente"},"content":{"rendered":"\n<div class=\"wp-block-uagb-container uagb-block-46d3b9ae alignfull uagb-is-root-container\"><div class=\"uagb-container-inner-blocks-wrap\">\n<div class=\"wp-block-uagb-advanced-heading uagb-block-ecb871c6\"><h2 class=\"uagb-heading-text\">Conditions g\u00e9n\u00e9rales de vente de tirages d&#8217;art<\/h2><\/div>\n\n\n\n<ol>\n<li><strong>Objet<\/strong>\n<ol>\n<li>Les pr\u00e9sentes conditions g\u00e9n\u00e9rales de vente r\u00e9gissent les relations contractuelles entre Micha\u00ebl Fonder (ci-apr\u00e8s d\u00e9nomm\u00e9 &#8220;le Photographe&#8221;) et ses clients dans le cadre de la vente de tirages d&#8217;art.<\/li>\n\n\n\n<li>Tout achat de tirages d&#8217;art implique l&#8217;acceptation sans r\u00e9serve par le client des pr\u00e9sentes conditions g\u00e9n\u00e9rales de vente.<\/li>\n<\/ol>\n<\/li>\n\n\n\n<li><strong>Caract\u00e9ristiques des Tirages<\/strong>\n<ol>\n<li>Chaque tirage d&#8217;art est num\u00e9rot\u00e9, limit\u00e9 \u00e0 un maximum de trente exemplaires et livr\u00e9 avec un certificat d\u2019authenticit\u00e9.<\/li>\n\n\n\n<li>Les tirages sont r\u00e9alis\u00e9s \u00e0 la demande du client selon ses sp\u00e9cifications en termes de dimensions d&#8217;impression, type de support d&#8217;impression et choix d&#8217;encadrement.<\/li>\n\n\n\n<li>Le client est invit\u00e9 \u00e0 pr\u00e9ciser ses choix lors de la commande par email ou via le formulaire en ligne disponible sur le site du Photographe.<\/li>\n<\/ol>\n<\/li>\n\n\n\n<li><strong>Devis et Tarifs<\/strong>\n<ol>\n<li>Une demande de devis pour un tirage d&#8217;art peut \u00eatre envoy\u00e9e par email ou par le formulaire en ligne.<\/li>\n\n\n\n<li>Les tarifs affich\u00e9s sur le site sont donn\u00e9s \u00e0 titre indicatif pour une impression seule sur papier Fine Art. Ils peuvent varier en fonction des dimensions, du support et de l&#8217;encadrement demand\u00e9s par le client.<\/li>\n\n\n\n<li>Les tarifs affich\u00e9s sur le site n\u2019incluent pas les frais de livraisons.<\/li>\n\n\n\n<li>Le devis transmis par le Photographe fait office de proposition commerciale et engage ce dernier \u00e0 honorer la commande aux conditions et tarifs indiqu\u00e9s.<\/li>\n<\/ol>\n<\/li>\n\n\n\n<li><strong>Commande et Paiement<\/strong>\n<ol>\n<li>La commande de tirages d&#8217;art est consid\u00e9r\u00e9e comme ferme et d\u00e9finitive apr\u00e8s acceptation \u00e9crite du devis par le client et le paiement int\u00e9gral du prix.<\/li>\n\n\n\n<li>En raison de la nature personnalis\u00e9e des tirages, aucune r\u00e9tractation ne sera accept\u00e9e apr\u00e8s le paiement du devis.<\/li>\n<\/ol>\n<\/li>\n\n\n\n<li><strong>Livraison<\/strong>\n<ol>\n<li>Les d\u00e9lais de livraison sont communiqu\u00e9s au client lors de la commande et peuvent varier en fonction de la complexit\u00e9 de la r\u00e9alisation du tirage.<\/li>\n\n\n\n<li>Le Photographe s\u2019engage \u00e0 informer le client en cas de retard dans l\u2019ex\u00e9cution de sa commande.<\/li>\n\n\n\n<li>Les tirages seront exp\u00e9di\u00e9s \u00e0 l&#8217;adresse indiqu\u00e9e par le client lors de la commande.<\/li>\n<\/ol>\n<\/li>\n\n\n\n<li><strong>Droit de Propri\u00e9t\u00e9 Intellectuelle<\/strong>\n<ol>\n<li>Le Photographe conserve l&#8217;int\u00e9gralit\u00e9 des droits d&#8217;auteur sur les tirages d&#8217;art vendus.<\/li>\n\n\n\n<li>Le client est autoris\u00e9 \u00e0 utiliser les tirages \u00e0 des fins personnelles, mais toute utilisation commerciale n\u00e9cessite l&#8217;accord pr\u00e9alable et \u00e9crit du Photographe.<\/li>\n<\/ol>\n<\/li>\n\n\n\n<li><strong>Litiges<\/strong>\n<ol>\n<li>Les pr\u00e9sentes conditions g\u00e9n\u00e9rales de vente sont r\u00e9gies par le droit belge.<\/li>\n\n\n\n<li>En cas de litige, une solution amiable sera recherch\u00e9e en priorit\u00e9. \u00c0 d\u00e9faut, les tribunaux belges seront seuls comp\u00e9tents pour r\u00e9gler le litige.<\/li>\n<\/ol>\n<\/li>\n<\/ol>\n<\/div><\/div>\n","protected":false},"excerpt":{"rendered":"<p>Conditions g\u00e9n\u00e9rales de vente de tirages d&#8217;art<\/p>\n","protected":false},"author":1,"featured_media":0,"parent":0,"menu_order":0,"comment_status":"closed","ping_status":"closed","template":"mf_template","meta":{"BoldBlocksTypography":[],"_uag_custom_page_level_css":"","_monsterinsights_skip_tracking":false,"_monsterinsights_sitenote_active":false,"_monsterinsights_sitenote_note":"","_monsterinsights_sitenote_category":0,"footnotes":""},"aioseo_notices":[],"uagb_featured_image_src":{"full":false,"thumbnail":false,"medium":false,"medium_large":false,"large":false,"1536x1536":false,"2048x2048":false},"uagb_author_info":{"display_name":"michaelfonder.com","author_link":"https:\/\/michaelfonder.com\/index.php\/author\/michaelfonder-com\/"},"uagb_comment_info":0,"uagb_excerpt":"Conditions g\u00e9n\u00e9rales de vente de tirages d&#8217;art","_links":{"self":[{"href":"https:\/\/michaelfonder.com\/index.php\/wp-json\/wp\/v2\/pages\/1558"}],"collection":[{"href":"https:\/\/michaelfonder.com\/index.php\/wp-json\/wp\/v2\/pages"}],"about":[{"href":"https:\/\/michaelfonder.com\/index.php\/wp-json\/wp\/v2\/types\/page"}],"author":[{"embeddable":true,"href":"https:\/\/michaelfonder.com\/index.php\/wp-json\/wp\/v2\/users\/1"}],"replies":[{"embeddable":true,"href":"https:\/\/michaelfonder.com\/index.php\/wp-json\/wp\/v2\/comments?post=1558"}],"version-history":[{"count":5,"href":"https:\/\/michaelfonder.com\/index.php\/wp-json\/wp\/v2\/pages\/1558\/revisions"}],"predecessor-version":[{"id":1597,"href":"https:\/\/michaelfonder.com\/index.php\/wp-json\/wp\/v2\/pages\/1558\/revisions\/1597"}],"wp:attachment":[{"href":"https:\/\/michaelfonder.com\/index.php\/wp-json\/wp\/v2\/media?parent=1558"}],"curies":[{"name":"wp","href":"https:\/\/api.w.org\/{rel}","templated":true}]}}