{"id":1618,"date":"2025-01-30T22:06:14","date_gmt":"2025-01-30T21:06:14","guid":{"rendered":"https:\/\/michaelfonder.com\/?page_id=1618"},"modified":"2025-01-30T22:06:15","modified_gmt":"2025-01-30T21:06:15","slug":"mentions-legales","status":"publish","type":"page","link":"https:\/\/michaelfonder.com\/index.php\/mentions-legales\/","title":{"rendered":"Mentions l\u00e9gales"},"content":{"rendered":"\n<div class=\"wp-block-uagb-container uagb-block-46d3b9ae alignfull uagb-is-root-container\"><div class=\"uagb-container-inner-blocks-wrap\">\n<div class=\"wp-block-uagb-advanced-heading uagb-block-ecb871c6\"><h2 class=\"uagb-heading-text\">Mentions l\u00e9gales<\/h2><\/div>\n\n\n\n<div class=\"wp-block-uagb-container uagb-block-8c4ee559 alignfull uagb-is-root-container\"><div class=\"uagb-container-inner-blocks-wrap\">\n<p><strong>1. Informations L\u00e9gales<\/strong> Conform\u00e9ment aux dispositions l\u00e9gales applicables en Belgique, il est pr\u00e9cis\u00e9 aux utilisateurs du site michaelfonder.com l&#8217;identit\u00e9 des diff\u00e9rents intervenants dans le cadre de sa r\u00e9alisation et de son suivi :<\/p>\n\n\n\n<ul>\n<li><strong>Propri\u00e9taire du site :<\/strong> Micha\u00ebl Fonder, ci-apr\u00e8s d\u00e9nomm\u00e9 \u201cle Photographe\u201d<\/li>\n\n\n\n<li><strong>Statut juridique :<\/strong> Porteur de projet en phase Test au sein de la SAACE Challenge Entreprendre<\/li>\n\n\n\n<li><strong>Responsable de la publication :<\/strong> Micha\u00ebl Fonder \u2013 contact@michaelfonder.com<\/li>\n\n\n\n<li><strong>H\u00e9bergeur :<\/strong> Hostinger<\/li>\n<\/ul>\n\n\n\n<p><strong>2. Objet du Site<\/strong> Le site michaelfonder.com a pour objet la pr\u00e9sentation des \u0153uvres du Photographe, la mise \u00e0 disposition d&#8217;un formulaire de demande de devis pour des tirages et la pr\u00e9sentation des services propos\u00e9s par le photographe, ainsi que la mise \u00e0 disposition d&#8217;un formulaire de contact.<\/p>\n\n\n\n<p><strong>3. Propri\u00e9t\u00e9 Intellectuelle<\/strong> L\u2019ensemble des \u00e9l\u00e9ments pr\u00e9sents sur le site (textes, images, photographies, graphismes, logo, ic\u00f4nes, sons, logiciels, etc.) est prot\u00e9g\u00e9 par le droit d\u2019auteur et appartient au Photographe ou fait l\u2019objet d\u2019une autorisation d\u2019utilisation. Toute reproduction, repr\u00e9sentation, modification ou adaptation, totale ou partielle, de ces \u00e9l\u00e9ments, sans autorisation pr\u00e9alable \u00e9crite, est interdite.<\/p>\n\n\n\n<p><strong>4. Donn\u00e9es Personnelles et Cookies<\/strong> Conform\u00e9ment au R\u00e8glement G\u00e9n\u00e9ral sur la Protection des Donn\u00e9es (RGPD) entr\u00e9 en vigueur le 25 mai 2018, ainsi qu\u2019aux dispositions de la loi belge relative \u00e0 la protection de la vie priv\u00e9e, les utilisateurs du site disposent d\u2019un droit d\u2019acc\u00e8s, de rectification, d\u2019opposition et de suppression des donn\u00e9es les concernant.<\/p>\n\n\n\n<ul>\n<li><strong>Collecte des donn\u00e9es :<\/strong> Les donn\u00e9es collect\u00e9es via le formulaire de contact ou de demande de devis sont uniquement destin\u00e9es \u00e0 traiter les demandes des utilisateurs et ne sont en aucun cas c\u00e9d\u00e9es \u00e0 des tiers.<\/li>\n\n\n\n<li><strong>Google Analytics 4 :<\/strong> Ce site utilise Google Analytics 4 pour analyser l\u2019audience et am\u00e9liorer son contenu. L\u2019outil collecte des donn\u00e9es anonymis\u00e9es conform\u00e9ment \u00e0 la r\u00e9glementation en vigueur. L\u2019utilisateur peut d\u00e9sactiver l\u2019utilisation des cookies analytiques en configurant ses pr\u00e9f\u00e9rences via la banni\u00e8re de gestion des cookies.<\/li>\n\n\n\n<li><strong>Cookies :<\/strong> L\u2019utilisateur est inform\u00e9 qu\u2019en naviguant sur le site, des cookies peuvent \u00eatre install\u00e9s sur son terminal. Il peut configurer son navigateur pour refuser les cookies en consultant les param\u00e8tres appropri\u00e9s.<\/li>\n<\/ul>\n\n\n\n<p>Pour exercer vos droits, veuillez nous contacter \u00e0 : contact@michaelfonder.com<\/p>\n\n\n\n<p><strong>5. Responsabilit\u00e9<\/strong> Le propri\u00e9taire du site met tout en \u0153uvre pour assurer l\u2019exactitude et la mise \u00e0 jour des informations pr\u00e9sentes sur le site. Toutefois, il ne saurait \u00eatre tenu responsable des omissions, inexactitudes ou carences dans la mise \u00e0 jour des contenus.<\/p>\n\n\n\n<p><strong>6. Droit Applicable<\/strong> Les pr\u00e9sentes mentions l\u00e9gales sont r\u00e9gies par le droit belge. En cas de litige, et \u00e0 d\u00e9faut de r\u00e9solution amiable, les tribunaux belges seront seuls comp\u00e9tents.<\/p>\n\n\n\n<p><strong>7. Contact<\/strong> Pour toute question relative aux pr\u00e9sentes mentions l\u00e9gales, veuillez nous contacter par email \u00e0 contact@michaelfonder.com.<\/p>\n<\/div><\/div>\n<\/div><\/div>\n","protected":false},"excerpt":{"rendered":"<p>Mentions l\u00e9gales 1. Informations L\u00e9gales Conform\u00e9ment aux dispositions l\u00e9gales applicables en Belgique, il est pr\u00e9cis\u00e9 aux utilisateurs du site michaelfonder.com l&#8217;identit\u00e9 des diff\u00e9rents intervenants dans le cadre de sa r\u00e9alisation et de son suivi : 2. Objet du Site Le site michaelfonder.com a pour objet la pr\u00e9sentation des \u0153uvres du Photographe, la mise \u00e0 disposition [&hellip;]<\/p>\n","protected":false},"author":1,"featured_media":0,"parent":0,"menu_order":0,"comment_status":"closed","ping_status":"closed","template":"mf_template","meta":{"BoldBlocksTypography":[],"_uag_custom_page_level_css":"","_monsterinsights_skip_tracking":false,"_monsterinsights_sitenote_active":false,"_monsterinsights_sitenote_note":"","_monsterinsights_sitenote_category":0,"footnotes":""},"aioseo_notices":[],"uagb_featured_image_src":{"full":false,"thumbnail":false,"medium":false,"medium_large":false,"large":false,"1536x1536":false,"2048x2048":false},"uagb_author_info":{"display_name":"michaelfonder.com","author_link":"https:\/\/michaelfonder.com\/index.php\/author\/michaelfonder-com\/"},"uagb_comment_info":0,"uagb_excerpt":"Mentions l\u00e9gales 1. Informations L\u00e9gales Conform\u00e9ment aux dispositions l\u00e9gales applicables en Belgique, il est pr\u00e9cis\u00e9 aux utilisateurs du site michaelfonder.com l&#8217;identit\u00e9 des diff\u00e9rents intervenants dans le cadre de sa r\u00e9alisation et de son suivi : 2. Objet du Site Le site michaelfonder.com a pour objet la pr\u00e9sentation des \u0153uvres du Photographe, la mise \u00e0 disposition&hellip;","_links":{"self":[{"href":"https:\/\/michaelfonder.com\/index.php\/wp-json\/wp\/v2\/pages\/1618"}],"collection":[{"href":"https:\/\/michaelfonder.com\/index.php\/wp-json\/wp\/v2\/pages"}],"about":[{"href":"https:\/\/michaelfonder.com\/index.php\/wp-json\/wp\/v2\/types\/page"}],"author":[{"embeddable":true,"href":"https:\/\/michaelfonder.com\/index.php\/wp-json\/wp\/v2\/users\/1"}],"replies":[{"embeddable":true,"href":"https:\/\/michaelfonder.com\/index.php\/wp-json\/wp\/v2\/comments?post=1618"}],"version-history":[{"count":3,"href":"https:\/\/michaelfonder.com\/index.php\/wp-json\/wp\/v2\/pages\/1618\/revisions"}],"predecessor-version":[{"id":1621,"href":"https:\/\/michaelfonder.com\/index.php\/wp-json\/wp\/v2\/pages\/1618\/revisions\/1621"}],"wp:attachment":[{"href":"https:\/\/michaelfonder.com\/index.php\/wp-json\/wp\/v2\/media?parent=1618"}],"curies":[{"name":"wp","href":"https:\/\/api.w.org\/{rel}","templated":true}]}}